{"id":26012,"date":"2021-05-07T12:40:29","date_gmt":"2021-05-07T09:40:29","guid":{"rendered":"https:\/\/laguuniin.fi\/?page_id=26012"},"modified":"2025-05-26T10:44:33","modified_gmt":"2025-05-26T07:44:33","slug":"keilis","status":"publish","type":"page","link":"https:\/\/laguuniin.fi\/en\/keilis\/","title":{"rendered":"Laguuni Keilis"},"content":{"rendered":"","protected":false},"excerpt":{"rendered":"","protected":false},"author":4,"featured_media":0,"parent":0,"menu_order":0,"comment_status":"closed","ping_status":"closed","template":"","meta":[],"acf":[],"yoast_head":"<!-- This site is optimized with the Yoast SEO plugin v20.1 - https:\/\/yoast.com\/wordpress\/plugins\/seo\/ -->\n<title>Lajitarjonta Laguunissa | Vesiurheilu- ja Ravintolalaituri<\/title>\n<meta name=\"description\" content=\"Laguunissa voit harrastaa wakeboardia, melontaa, suppailua, flyboardia ja hyppi\u00e4 vesitrampoliinilla. Laguunista l\u00f6ytyy my\u00f6s ravintola Bl\u00e4g\u00e4 ja kelluva sauna.\" \/>\n<meta name=\"robots\" content=\"index, follow, max-snippet:-1, max-image-preview:large, max-video-preview:-1\" \/>\n<link rel=\"canonical\" href=\"https:\/\/laguuniin.fi\/en\/keilis\/\" \/>\n<meta property=\"og:locale\" content=\"en_US\" \/>\n<meta property=\"og:type\" content=\"article\" \/>\n<meta property=\"og:title\" content=\"Lajitarjonta Laguunissa | Vesiurheilu- ja Ravintolalaituri\" \/>\n<meta property=\"og:description\" content=\"Laguunissa voit harrastaa wakeboardia, melontaa, suppailua, flyboardia ja hyppi\u00e4 vesitrampoliinilla. Laguunista l\u00f6ytyy my\u00f6s ravintola Bl\u00e4g\u00e4 ja kelluva sauna.\" \/>\n<meta property=\"og:url\" content=\"https:\/\/laguuniin.fi\/en\/keilis\/\" \/>\n<meta property=\"og:site_name\" content=\"Laguuni\" \/>\n<meta property=\"article:publisher\" content=\"https:\/\/fi-fi.facebook.com\/laguuniin\/\" \/>\n<meta property=\"article:modified_time\" content=\"2025-05-26T07:44:33+00:00\" \/>\n<meta name=\"twitter:card\" content=\"summary_large_image\" \/>\n<meta name=\"twitter:site\" content=\"@laguuniin\" \/>\n<script type=\"application\/ld+json\" class=\"yoast-schema-graph\">{\"@context\":\"https:\/\/schema.org\",\"@graph\":[{\"@type\":\"WebPage\",\"@id\":\"https:\/\/laguuniin.fi\/en\/keilis\/\",\"url\":\"https:\/\/laguuniin.fi\/en\/keilis\/\",\"name\":\"Lajitarjonta Laguunissa | Vesiurheilu- ja Ravintolalaituri\",\"isPartOf\":{\"@id\":\"https:\/\/laguuniin.fi\/#website\"},\"datePublished\":\"2021-05-07T09:40:29+00:00\",\"dateModified\":\"2025-05-26T07:44:33+00:00\",\"description\":\"Laguunissa voit harrastaa wakeboardia, melontaa, suppailua, flyboardia ja hyppi\u00e4 vesitrampoliinilla. Laguunista l\u00f6ytyy my\u00f6s ravintola Bl\u00e4g\u00e4 ja kelluva sauna.\",\"breadcrumb\":{\"@id\":\"https:\/\/laguuniin.fi\/en\/keilis\/#breadcrumb\"},\"inLanguage\":\"en-US\",\"potentialAction\":[{\"@type\":\"ReadAction\",\"target\":[\"https:\/\/laguuniin.fi\/en\/keilis\/\"]}]},{\"@type\":\"BreadcrumbList\",\"@id\":\"https:\/\/laguuniin.fi\/en\/keilis\/#breadcrumb\",\"itemListElement\":[{\"@type\":\"ListItem\",\"position\":1,\"name\":\"Home\",\"item\":\"https:\/\/laguuniin.fi\/en\/\"},{\"@type\":\"ListItem\",\"position\":2,\"name\":\"Laguuni Keilis\"}]},{\"@type\":\"WebSite\",\"@id\":\"https:\/\/laguuniin.fi\/#website\",\"url\":\"https:\/\/laguuniin.fi\/\",\"name\":\"Laguuni\",\"description\":\"Suomen suurin vesiurheilu &amp; ravintolalaituri\",\"potentialAction\":[{\"@type\":\"SearchAction\",\"target\":{\"@type\":\"EntryPoint\",\"urlTemplate\":\"https:\/\/laguuniin.fi\/?s={search_term_string}\"},\"query-input\":\"required name=search_term_string\"}],\"inLanguage\":\"en-US\"}]}<\/script>\n<!-- \/ Yoast SEO plugin. -->","yoast_head_json":{"title":"Lajitarjonta Laguunissa | Vesiurheilu- ja Ravintolalaituri","description":"Laguunissa voit harrastaa wakeboardia, melontaa, suppailua, flyboardia ja hyppi\u00e4 vesitrampoliinilla. Laguunista l\u00f6ytyy my\u00f6s ravintola Bl\u00e4g\u00e4 ja kelluva sauna.","robots":{"index":"index","follow":"follow","max-snippet":"max-snippet:-1","max-image-preview":"max-image-preview:large","max-video-preview":"max-video-preview:-1"},"canonical":"https:\/\/laguuniin.fi\/en\/keilis\/","og_locale":"en_US","og_type":"article","og_title":"Lajitarjonta Laguunissa | Vesiurheilu- ja Ravintolalaituri","og_description":"Laguunissa voit harrastaa wakeboardia, melontaa, suppailua, flyboardia ja hyppi\u00e4 vesitrampoliinilla. Laguunista l\u00f6ytyy my\u00f6s ravintola Bl\u00e4g\u00e4 ja kelluva sauna.","og_url":"https:\/\/laguuniin.fi\/en\/keilis\/","og_site_name":"Laguuni","article_publisher":"https:\/\/fi-fi.facebook.com\/laguuniin\/","article_modified_time":"2025-05-26T07:44:33+00:00","twitter_card":"summary_large_image","twitter_site":"@laguuniin","schema":{"@context":"https:\/\/schema.org","@graph":[{"@type":"WebPage","@id":"https:\/\/laguuniin.fi\/en\/keilis\/","url":"https:\/\/laguuniin.fi\/en\/keilis\/","name":"Lajitarjonta Laguunissa | Vesiurheilu- ja Ravintolalaituri","isPartOf":{"@id":"https:\/\/laguuniin.fi\/#website"},"datePublished":"2021-05-07T09:40:29+00:00","dateModified":"2025-05-26T07:44:33+00:00","description":"Laguunissa voit harrastaa wakeboardia, melontaa, suppailua, flyboardia ja hyppi\u00e4 vesitrampoliinilla. Laguunista l\u00f6ytyy my\u00f6s ravintola Bl\u00e4g\u00e4 ja kelluva sauna.","breadcrumb":{"@id":"https:\/\/laguuniin.fi\/en\/keilis\/#breadcrumb"},"inLanguage":"en-US","potentialAction":[{"@type":"ReadAction","target":["https:\/\/laguuniin.fi\/en\/keilis\/"]}]},{"@type":"BreadcrumbList","@id":"https:\/\/laguuniin.fi\/en\/keilis\/#breadcrumb","itemListElement":[{"@type":"ListItem","position":1,"name":"Home","item":"https:\/\/laguuniin.fi\/en\/"},{"@type":"ListItem","position":2,"name":"Laguuni Keilis"}]},{"@type":"WebSite","@id":"https:\/\/laguuniin.fi\/#website","url":"https:\/\/laguuniin.fi\/","name":"Laguuni","description":"Suomen suurin vesiurheilu &amp; ravintolalaituri","potentialAction":[{"@type":"SearchAction","target":{"@type":"EntryPoint","urlTemplate":"https:\/\/laguuniin.fi\/?s={search_term_string}"},"query-input":"required name=search_term_string"}],"inLanguage":"en-US"}]}},"_links":{"self":[{"href":"https:\/\/laguuniin.fi\/en\/wp-json\/wp\/v2\/pages\/26012"}],"collection":[{"href":"https:\/\/laguuniin.fi\/en\/wp-json\/wp\/v2\/pages"}],"about":[{"href":"https:\/\/laguuniin.fi\/en\/wp-json\/wp\/v2\/types\/page"}],"author":[{"embeddable":true,"href":"https:\/\/laguuniin.fi\/en\/wp-json\/wp\/v2\/users\/4"}],"replies":[{"embeddable":true,"href":"https:\/\/laguuniin.fi\/en\/wp-json\/wp\/v2\/comments?post=26012"}],"version-history":[{"count":73,"href":"https:\/\/laguuniin.fi\/en\/wp-json\/wp\/v2\/pages\/26012\/revisions"}],"predecessor-version":[{"id":30971,"href":"https:\/\/laguuniin.fi\/en\/wp-json\/wp\/v2\/pages\/26012\/revisions\/30971"}],"wp:attachment":[{"href":"https:\/\/laguuniin.fi\/en\/wp-json\/wp\/v2\/media?parent=26012"}],"curies":[{"name":"wp","href":"https:\/\/api.w.org\/{rel}","templated":true}]}}