{"id":26191,"date":"2025-02-21T15:21:04","date_gmt":"2025-02-21T13:21:04","guid":{"rendered":"https:\/\/laguuniin.fi\/?page_id=26191"},"modified":"2025-10-03T13:24:52","modified_gmt":"2025-10-03T10:24:52","slug":"groups-2","status":"publish","type":"page","link":"https:\/\/laguuniin.fi\/en\/groups-2\/","title":{"rendered":"Groups"},"content":{"rendered":"","protected":false},"excerpt":{"rendered":"","protected":false},"author":6,"featured_media":0,"parent":0,"menu_order":0,"comment_status":"closed","ping_status":"closed","template":"","meta":[],"acf":[],"yoast_head":"<!-- This site is optimized with the Yoast SEO plugin v20.1 - https:\/\/yoast.com\/wordpress\/plugins\/seo\/ -->\n<title>Tiimip\u00e4iv\u00e4 Vesiurheilu- ja Ravintolalaituri Laguunissa<\/title>\n<meta name=\"description\" content=\"Millainen on unelmiesi tiimip\u00e4iv\u00e4? Vesiurheilukeskus Laguunissa j\u00e4rjest\u00e4t hauskaa tekemist\u00e4 kaiken tasoisille ryhmille. Monipuoliset lajivaihtoehdot, ravintola ja sauna takaavat onnistuneen ja hauskan tiimip\u00e4iv\u00e4n Espoon Keilaniemess\u00e4 aivan Helsingin tuntumassa.\" \/>\n<meta name=\"robots\" content=\"index, follow, max-snippet:-1, max-image-preview:large, max-video-preview:-1\" \/>\n<link rel=\"canonical\" href=\"https:\/\/laguuniin.fi\/en\/groups-2\/\" \/>\n<meta property=\"og:locale\" content=\"en_US\" \/>\n<meta property=\"og:type\" content=\"article\" \/>\n<meta property=\"og:title\" content=\"Tiimip\u00e4iv\u00e4 Vesiurheilu- ja Ravintolalaituri Laguunissa\" \/>\n<meta property=\"og:description\" content=\"Millainen on unelmiesi tiimip\u00e4iv\u00e4? Vesiurheilukeskus Laguunissa j\u00e4rjest\u00e4t hauskaa tekemist\u00e4 kaiken tasoisille ryhmille. Monipuoliset lajivaihtoehdot, ravintola ja sauna takaavat onnistuneen ja hauskan tiimip\u00e4iv\u00e4n Espoon Keilaniemess\u00e4 aivan Helsingin tuntumassa.\" \/>\n<meta property=\"og:url\" content=\"https:\/\/laguuniin.fi\/en\/groups-2\/\" \/>\n<meta property=\"og:site_name\" content=\"Laguuni\" \/>\n<meta property=\"article:publisher\" content=\"https:\/\/fi-fi.facebook.com\/laguuniin\/\" \/>\n<meta property=\"article:modified_time\" content=\"2025-10-03T10:24:52+00:00\" \/>\n<meta name=\"twitter:card\" content=\"summary_large_image\" \/>\n<meta name=\"twitter:site\" content=\"@laguuniin\" \/>\n<script type=\"application\/ld+json\" class=\"yoast-schema-graph\">{\"@context\":\"https:\/\/schema.org\",\"@graph\":[{\"@type\":\"WebPage\",\"@id\":\"https:\/\/laguuniin.fi\/en\/groups-2\/\",\"url\":\"https:\/\/laguuniin.fi\/en\/groups-2\/\",\"name\":\"Tiimip\u00e4iv\u00e4 Vesiurheilu- ja Ravintolalaituri Laguunissa\",\"isPartOf\":{\"@id\":\"https:\/\/laguuniin.fi\/#website\"},\"datePublished\":\"2025-02-21T13:21:04+00:00\",\"dateModified\":\"2025-10-03T10:24:52+00:00\",\"description\":\"Millainen on unelmiesi tiimip\u00e4iv\u00e4? Vesiurheilukeskus Laguunissa j\u00e4rjest\u00e4t hauskaa tekemist\u00e4 kaiken tasoisille ryhmille. Monipuoliset lajivaihtoehdot, ravintola ja sauna takaavat onnistuneen ja hauskan tiimip\u00e4iv\u00e4n Espoon Keilaniemess\u00e4 aivan Helsingin tuntumassa.\",\"breadcrumb\":{\"@id\":\"https:\/\/laguuniin.fi\/en\/groups-2\/#breadcrumb\"},\"inLanguage\":\"en-US\",\"potentialAction\":[{\"@type\":\"ReadAction\",\"target\":[\"https:\/\/laguuniin.fi\/en\/groups-2\/\"]}]},{\"@type\":\"BreadcrumbList\",\"@id\":\"https:\/\/laguuniin.fi\/en\/groups-2\/#breadcrumb\",\"itemListElement\":[{\"@type\":\"ListItem\",\"position\":1,\"name\":\"Home\",\"item\":\"https:\/\/laguuniin.fi\/en\/\"},{\"@type\":\"ListItem\",\"position\":2,\"name\":\"Groups\"}]},{\"@type\":\"WebSite\",\"@id\":\"https:\/\/laguuniin.fi\/#website\",\"url\":\"https:\/\/laguuniin.fi\/\",\"name\":\"Laguuni\",\"description\":\"Suomen suurin vesiurheilu &amp; ravintolalaituri\",\"potentialAction\":[{\"@type\":\"SearchAction\",\"target\":{\"@type\":\"EntryPoint\",\"urlTemplate\":\"https:\/\/laguuniin.fi\/?s={search_term_string}\"},\"query-input\":\"required name=search_term_string\"}],\"inLanguage\":\"en-US\"}]}<\/script>\n<!-- \/ Yoast SEO plugin. -->","yoast_head_json":{"title":"Tiimip\u00e4iv\u00e4 Vesiurheilu- ja Ravintolalaituri Laguunissa","description":"Millainen on unelmiesi tiimip\u00e4iv\u00e4? Vesiurheilukeskus Laguunissa j\u00e4rjest\u00e4t hauskaa tekemist\u00e4 kaiken tasoisille ryhmille. Monipuoliset lajivaihtoehdot, ravintola ja sauna takaavat onnistuneen ja hauskan tiimip\u00e4iv\u00e4n Espoon Keilaniemess\u00e4 aivan Helsingin tuntumassa.","robots":{"index":"index","follow":"follow","max-snippet":"max-snippet:-1","max-image-preview":"max-image-preview:large","max-video-preview":"max-video-preview:-1"},"canonical":"https:\/\/laguuniin.fi\/en\/groups-2\/","og_locale":"en_US","og_type":"article","og_title":"Tiimip\u00e4iv\u00e4 Vesiurheilu- ja Ravintolalaituri Laguunissa","og_description":"Millainen on unelmiesi tiimip\u00e4iv\u00e4? Vesiurheilukeskus Laguunissa j\u00e4rjest\u00e4t hauskaa tekemist\u00e4 kaiken tasoisille ryhmille. Monipuoliset lajivaihtoehdot, ravintola ja sauna takaavat onnistuneen ja hauskan tiimip\u00e4iv\u00e4n Espoon Keilaniemess\u00e4 aivan Helsingin tuntumassa.","og_url":"https:\/\/laguuniin.fi\/en\/groups-2\/","og_site_name":"Laguuni","article_publisher":"https:\/\/fi-fi.facebook.com\/laguuniin\/","article_modified_time":"2025-10-03T10:24:52+00:00","twitter_card":"summary_large_image","twitter_site":"@laguuniin","schema":{"@context":"https:\/\/schema.org","@graph":[{"@type":"WebPage","@id":"https:\/\/laguuniin.fi\/en\/groups-2\/","url":"https:\/\/laguuniin.fi\/en\/groups-2\/","name":"Tiimip\u00e4iv\u00e4 Vesiurheilu- ja Ravintolalaituri Laguunissa","isPartOf":{"@id":"https:\/\/laguuniin.fi\/#website"},"datePublished":"2025-02-21T13:21:04+00:00","dateModified":"2025-10-03T10:24:52+00:00","description":"Millainen on unelmiesi tiimip\u00e4iv\u00e4? Vesiurheilukeskus Laguunissa j\u00e4rjest\u00e4t hauskaa tekemist\u00e4 kaiken tasoisille ryhmille. Monipuoliset lajivaihtoehdot, ravintola ja sauna takaavat onnistuneen ja hauskan tiimip\u00e4iv\u00e4n Espoon Keilaniemess\u00e4 aivan Helsingin tuntumassa.","breadcrumb":{"@id":"https:\/\/laguuniin.fi\/en\/groups-2\/#breadcrumb"},"inLanguage":"en-US","potentialAction":[{"@type":"ReadAction","target":["https:\/\/laguuniin.fi\/en\/groups-2\/"]}]},{"@type":"BreadcrumbList","@id":"https:\/\/laguuniin.fi\/en\/groups-2\/#breadcrumb","itemListElement":[{"@type":"ListItem","position":1,"name":"Home","item":"https:\/\/laguuniin.fi\/en\/"},{"@type":"ListItem","position":2,"name":"Groups"}]},{"@type":"WebSite","@id":"https:\/\/laguuniin.fi\/#website","url":"https:\/\/laguuniin.fi\/","name":"Laguuni","description":"Suomen suurin vesiurheilu &amp; ravintolalaituri","potentialAction":[{"@type":"SearchAction","target":{"@type":"EntryPoint","urlTemplate":"https:\/\/laguuniin.fi\/?s={search_term_string}"},"query-input":"required name=search_term_string"}],"inLanguage":"en-US"}]}},"_links":{"self":[{"href":"https:\/\/laguuniin.fi\/en\/wp-json\/wp\/v2\/pages\/26191"}],"collection":[{"href":"https:\/\/laguuniin.fi\/en\/wp-json\/wp\/v2\/pages"}],"about":[{"href":"https:\/\/laguuniin.fi\/en\/wp-json\/wp\/v2\/types\/page"}],"author":[{"embeddable":true,"href":"https:\/\/laguuniin.fi\/en\/wp-json\/wp\/v2\/users\/6"}],"replies":[{"embeddable":true,"href":"https:\/\/laguuniin.fi\/en\/wp-json\/wp\/v2\/comments?post=26191"}],"version-history":[{"count":10,"href":"https:\/\/laguuniin.fi\/en\/wp-json\/wp\/v2\/pages\/26191\/revisions"}],"predecessor-version":[{"id":31115,"href":"https:\/\/laguuniin.fi\/en\/wp-json\/wp\/v2\/pages\/26191\/revisions\/31115"}],"wp:attachment":[{"href":"https:\/\/laguuniin.fi\/en\/wp-json\/wp\/v2\/media?parent=26191"}],"curies":[{"name":"wp","href":"https:\/\/api.w.org\/{rel}","templated":true}]}}