{"id":28070,"date":"2023-01-11T19:55:34","date_gmt":"2023-01-11T17:55:34","guid":{"rendered":"https:\/\/laguuniin.fi\/?page_id=28070"},"modified":"2026-02-03T10:36:38","modified_gmt":"2026-02-03T08:36:38","slug":"rekry2026","status":"publish","type":"page","link":"https:\/\/laguuniin.fi\/en\/rekry2026\/","title":{"rendered":"Rekry 2026"},"content":{"rendered":"","protected":false},"excerpt":{"rendered":"","protected":false},"author":11,"featured_media":0,"parent":0,"menu_order":0,"comment_status":"closed","ping_status":"closed","template":"","meta":[],"acf":[],"yoast_head":"<!-- This site is optimized with the Yoast SEO plugin v20.1 - https:\/\/yoast.com\/wordpress\/plugins\/seo\/ -->\n<title>Rekry 2026 ~ Laguuni<\/title>\n<meta name=\"description\" content=\"Kiinnostaako sinua monipuoliset asiakaspalvelu- ja ohjausteht\u00e4v\u00e4t vesilajien parissa? Vai oletko alaik\u00e4inen ja sinulla on k\u00e4yt\u00f6ss\u00e4si kes\u00e4seteli? Hae meille kes\u00e4t\u00f6ihin kes\u00e4lle 2026!\" \/>\n<meta name=\"robots\" content=\"index, follow, max-snippet:-1, max-image-preview:large, max-video-preview:-1\" \/>\n<link rel=\"canonical\" href=\"https:\/\/laguuniin.fi\/en\/rekry2026\/\" \/>\n<meta property=\"og:locale\" content=\"en_US\" \/>\n<meta property=\"og:type\" content=\"article\" \/>\n<meta property=\"og:title\" content=\"Rekry 2026 ~ Laguuni\" \/>\n<meta property=\"og:description\" content=\"Kiinnostaako sinua monipuoliset asiakaspalvelu- ja ohjausteht\u00e4v\u00e4t vesilajien parissa? Vai oletko alaik\u00e4inen ja sinulla on k\u00e4yt\u00f6ss\u00e4si kes\u00e4seteli? Hae meille kes\u00e4t\u00f6ihin kes\u00e4lle 2026!\" \/>\n<meta property=\"og:url\" content=\"https:\/\/laguuniin.fi\/en\/rekry2026\/\" \/>\n<meta property=\"og:site_name\" content=\"Laguuni\" \/>\n<meta property=\"article:publisher\" content=\"https:\/\/fi-fi.facebook.com\/laguuniin\/\" \/>\n<meta property=\"article:modified_time\" content=\"2026-02-03T08:36:38+00:00\" \/>\n<meta name=\"twitter:card\" content=\"summary_large_image\" \/>\n<meta name=\"twitter:site\" content=\"@laguuniin\" \/>\n<script type=\"application\/ld+json\" class=\"yoast-schema-graph\">{\"@context\":\"https:\/\/schema.org\",\"@graph\":[{\"@type\":\"WebPage\",\"@id\":\"https:\/\/laguuniin.fi\/en\/rekry2026\/\",\"url\":\"https:\/\/laguuniin.fi\/en\/rekry2026\/\",\"name\":\"Rekry 2026 ~ Laguuni\",\"isPartOf\":{\"@id\":\"https:\/\/laguuniin.fi\/#website\"},\"datePublished\":\"2023-01-11T17:55:34+00:00\",\"dateModified\":\"2026-02-03T08:36:38+00:00\",\"description\":\"Kiinnostaako sinua monipuoliset asiakaspalvelu- ja ohjausteht\u00e4v\u00e4t vesilajien parissa? Vai oletko alaik\u00e4inen ja sinulla on k\u00e4yt\u00f6ss\u00e4si kes\u00e4seteli? Hae meille kes\u00e4t\u00f6ihin kes\u00e4lle 2026!\",\"breadcrumb\":{\"@id\":\"https:\/\/laguuniin.fi\/en\/rekry2026\/#breadcrumb\"},\"inLanguage\":\"en-US\",\"potentialAction\":[{\"@type\":\"ReadAction\",\"target\":[\"https:\/\/laguuniin.fi\/en\/rekry2026\/\"]}]},{\"@type\":\"BreadcrumbList\",\"@id\":\"https:\/\/laguuniin.fi\/en\/rekry2026\/#breadcrumb\",\"itemListElement\":[{\"@type\":\"ListItem\",\"position\":1,\"name\":\"Home\",\"item\":\"https:\/\/laguuniin.fi\/en\/\"},{\"@type\":\"ListItem\",\"position\":2,\"name\":\"Rekry 2026\"}]},{\"@type\":\"WebSite\",\"@id\":\"https:\/\/laguuniin.fi\/#website\",\"url\":\"https:\/\/laguuniin.fi\/\",\"name\":\"Laguuni\",\"description\":\"Suomen suurin vesiurheilu &amp; ravintolalaituri\",\"potentialAction\":[{\"@type\":\"SearchAction\",\"target\":{\"@type\":\"EntryPoint\",\"urlTemplate\":\"https:\/\/laguuniin.fi\/?s={search_term_string}\"},\"query-input\":\"required name=search_term_string\"}],\"inLanguage\":\"en-US\"}]}<\/script>\n<!-- \/ Yoast SEO plugin. -->","yoast_head_json":{"title":"Rekry 2026 ~ Laguuni","description":"Kiinnostaako sinua monipuoliset asiakaspalvelu- ja ohjausteht\u00e4v\u00e4t vesilajien parissa? Vai oletko alaik\u00e4inen ja sinulla on k\u00e4yt\u00f6ss\u00e4si kes\u00e4seteli? Hae meille kes\u00e4t\u00f6ihin kes\u00e4lle 2026!","robots":{"index":"index","follow":"follow","max-snippet":"max-snippet:-1","max-image-preview":"max-image-preview:large","max-video-preview":"max-video-preview:-1"},"canonical":"https:\/\/laguuniin.fi\/en\/rekry2026\/","og_locale":"en_US","og_type":"article","og_title":"Rekry 2026 ~ Laguuni","og_description":"Kiinnostaako sinua monipuoliset asiakaspalvelu- ja ohjausteht\u00e4v\u00e4t vesilajien parissa? Vai oletko alaik\u00e4inen ja sinulla on k\u00e4yt\u00f6ss\u00e4si kes\u00e4seteli? Hae meille kes\u00e4t\u00f6ihin kes\u00e4lle 2026!","og_url":"https:\/\/laguuniin.fi\/en\/rekry2026\/","og_site_name":"Laguuni","article_publisher":"https:\/\/fi-fi.facebook.com\/laguuniin\/","article_modified_time":"2026-02-03T08:36:38+00:00","twitter_card":"summary_large_image","twitter_site":"@laguuniin","schema":{"@context":"https:\/\/schema.org","@graph":[{"@type":"WebPage","@id":"https:\/\/laguuniin.fi\/en\/rekry2026\/","url":"https:\/\/laguuniin.fi\/en\/rekry2026\/","name":"Rekry 2026 ~ Laguuni","isPartOf":{"@id":"https:\/\/laguuniin.fi\/#website"},"datePublished":"2023-01-11T17:55:34+00:00","dateModified":"2026-02-03T08:36:38+00:00","description":"Kiinnostaako sinua monipuoliset asiakaspalvelu- ja ohjausteht\u00e4v\u00e4t vesilajien parissa? Vai oletko alaik\u00e4inen ja sinulla on k\u00e4yt\u00f6ss\u00e4si kes\u00e4seteli? Hae meille kes\u00e4t\u00f6ihin kes\u00e4lle 2026!","breadcrumb":{"@id":"https:\/\/laguuniin.fi\/en\/rekry2026\/#breadcrumb"},"inLanguage":"en-US","potentialAction":[{"@type":"ReadAction","target":["https:\/\/laguuniin.fi\/en\/rekry2026\/"]}]},{"@type":"BreadcrumbList","@id":"https:\/\/laguuniin.fi\/en\/rekry2026\/#breadcrumb","itemListElement":[{"@type":"ListItem","position":1,"name":"Home","item":"https:\/\/laguuniin.fi\/en\/"},{"@type":"ListItem","position":2,"name":"Rekry 2026"}]},{"@type":"WebSite","@id":"https:\/\/laguuniin.fi\/#website","url":"https:\/\/laguuniin.fi\/","name":"Laguuni","description":"Suomen suurin vesiurheilu &amp; ravintolalaituri","potentialAction":[{"@type":"SearchAction","target":{"@type":"EntryPoint","urlTemplate":"https:\/\/laguuniin.fi\/?s={search_term_string}"},"query-input":"required name=search_term_string"}],"inLanguage":"en-US"}]}},"_links":{"self":[{"href":"https:\/\/laguuniin.fi\/en\/wp-json\/wp\/v2\/pages\/28070"}],"collection":[{"href":"https:\/\/laguuniin.fi\/en\/wp-json\/wp\/v2\/pages"}],"about":[{"href":"https:\/\/laguuniin.fi\/en\/wp-json\/wp\/v2\/types\/page"}],"author":[{"embeddable":true,"href":"https:\/\/laguuniin.fi\/en\/wp-json\/wp\/v2\/users\/11"}],"replies":[{"embeddable":true,"href":"https:\/\/laguuniin.fi\/en\/wp-json\/wp\/v2\/comments?post=28070"}],"version-history":[{"count":22,"href":"https:\/\/laguuniin.fi\/en\/wp-json\/wp\/v2\/pages\/28070\/revisions"}],"predecessor-version":[{"id":31217,"href":"https:\/\/laguuniin.fi\/en\/wp-json\/wp\/v2\/pages\/28070\/revisions\/31217"}],"wp:attachment":[{"href":"https:\/\/laguuniin.fi\/en\/wp-json\/wp\/v2\/media?parent=28070"}],"curies":[{"name":"wp","href":"https:\/\/api.w.org\/{rel}","templated":true}]}}