{"id":14862,"date":"2020-04-30T09:01:43","date_gmt":"2020-04-30T06:01:43","guid":{"rendered":"https:\/\/laguuniin.fi\/?post_type=product&#038;p=14862"},"modified":"2020-05-04T19:04:30","modified_gmt":"2020-05-04T16:04:30","slug":"kausikorttilaisten-valinesailytys","status":"publish","type":"product","link":"https:\/\/laguuniin.fi\/en\/tuote\/kausikorttilaisten-valinesailytys\/","title":{"rendered":"Kausikorttilaisten v\u00e4lines\u00e4ilytysvuokra"},"content":{"rendered":"<p>Wakeboard-v\u00e4lines\u00e4ilytys Keilaniemi Laguuni: sis\u00e4lt\u00e4\u00e4 tilan laudalle ja muille wake-v\u00e4lineille (liivit, kyp\u00e4r\u00e4, m\u00e4rkk\u00e4ri).. Rajoitettu 10kpl ja tehd\u00e4\u00e4n nimikkopaikat \ud83d\ude42<\/p>\n<p>&nbsp;<\/p>\n","protected":false},"excerpt":{"rendered":"<p>Wakeboard-v\u00e4lines\u00e4ilytys Keilaniemi Laguuni: sis\u00e4lt\u00e4\u00e4 tilan laudalle ja muille wake-v\u00e4lineille (liivit, kyp\u00e4r\u00e4, m\u00e4rkk\u00e4ri).. Rajoitettu 10kpl ja tehd\u00e4\u00e4n nimikkopaikat \ud83d\ude42 &nbsp;<\/p>\n","protected":false},"featured_media":8419,"comment_status":"closed","ping_status":"closed","template":"","meta":[],"product_cat":[79],"product_tag":[],"acf":[],"yoast_head":"<!-- This site is optimized with the Yoast SEO plugin v20.1 - https:\/\/yoast.com\/wordpress\/plugins\/seo\/ -->\n<title>Kausikorttilaisten v\u00e4lines\u00e4ilytysvuokra ~ Laguuni<\/title>\n<meta name=\"robots\" content=\"index, follow, max-snippet:-1, max-image-preview:large, max-video-preview:-1\" \/>\n<link rel=\"canonical\" href=\"https:\/\/laguuniin.fi\/tuote\/kausikorttilaisten-valinesailytys\/\" \/>\n<meta property=\"og:locale\" content=\"en_US\" \/>\n<meta property=\"og:type\" content=\"article\" \/>\n<meta property=\"og:title\" content=\"Kausikorttilaisten v\u00e4lines\u00e4ilytysvuokra ~ Laguuni\" \/>\n<meta property=\"og:description\" content=\"Wakeboard-v\u00e4lines\u00e4ilytys Keilaniemi Laguuni: sis\u00e4lt\u00e4\u00e4 tilan laudalle ja muille wake-v\u00e4lineille (liivit, kyp\u00e4r\u00e4, m\u00e4rkk\u00e4ri).. Rajoitettu 10kpl ja tehd\u00e4\u00e4n nimikkopaikat \ud83d\ude42 &nbsp;\" \/>\n<meta property=\"og:url\" content=\"https:\/\/laguuniin.fi\/tuote\/kausikorttilaisten-valinesailytys\/\" \/>\n<meta property=\"og:site_name\" content=\"Laguuni\" \/>\n<meta property=\"article:publisher\" content=\"https:\/\/fi-fi.facebook.com\/laguuniin\/\" \/>\n<meta property=\"article:modified_time\" content=\"2020-05-04T16:04:30+00:00\" \/>\n<meta property=\"og:image\" content=\"https:\/\/laguuniin.fi\/app\/uploads\/2019\/02\/N\u00e4ytt\u00f6kuva-2019-2-9-kello-11.59.16.png\" \/>\n\t<meta property=\"og:image:width\" content=\"1186\" \/>\n\t<meta property=\"og:image:height\" content=\"572\" \/>\n\t<meta property=\"og:image:type\" content=\"image\/png\" \/>\n<meta name=\"twitter:card\" content=\"summary_large_image\" \/>\n<meta name=\"twitter:site\" content=\"@laguuniin\" \/>\n<script type=\"application\/ld+json\" class=\"yoast-schema-graph\">{\"@context\":\"https:\/\/schema.org\",\"@graph\":[{\"@type\":\"WebPage\",\"@id\":\"https:\/\/laguuniin.fi\/tuote\/kausikorttilaisten-valinesailytys\/\",\"url\":\"https:\/\/laguuniin.fi\/tuote\/kausikorttilaisten-valinesailytys\/\",\"name\":\"Kausikorttilaisten v\u00e4lines\u00e4ilytysvuokra ~ Laguuni\",\"isPartOf\":{\"@id\":\"https:\/\/laguuniin.fi\/#website\"},\"datePublished\":\"2020-04-30T06:01:43+00:00\",\"dateModified\":\"2020-05-04T16:04:30+00:00\",\"breadcrumb\":{\"@id\":\"https:\/\/laguuniin.fi\/tuote\/kausikorttilaisten-valinesailytys\/#breadcrumb\"},\"inLanguage\":\"en-US\",\"potentialAction\":[{\"@type\":\"ReadAction\",\"target\":[\"https:\/\/laguuniin.fi\/tuote\/kausikorttilaisten-valinesailytys\/\"]}]},{\"@type\":\"BreadcrumbList\",\"@id\":\"https:\/\/laguuniin.fi\/tuote\/kausikorttilaisten-valinesailytys\/#breadcrumb\",\"itemListElement\":[{\"@type\":\"ListItem\",\"position\":1,\"name\":\"Home\",\"item\":\"https:\/\/laguuniin.fi\/en\/\"},{\"@type\":\"ListItem\",\"position\":2,\"name\":\"Private: Shop\",\"item\":\"https:\/\/laguuniin.fi\/en\/?page_id=8886\"},{\"@type\":\"ListItem\",\"position\":3,\"name\":\"Kausikorttilaisten v\u00e4lines\u00e4ilytysvuokra\"}]},{\"@type\":\"WebSite\",\"@id\":\"https:\/\/laguuniin.fi\/#website\",\"url\":\"https:\/\/laguuniin.fi\/\",\"name\":\"Laguuni\",\"description\":\"Suomen suurin vesiurheilu &amp; ravintolalaituri\",\"potentialAction\":[{\"@type\":\"SearchAction\",\"target\":{\"@type\":\"EntryPoint\",\"urlTemplate\":\"https:\/\/laguuniin.fi\/?s={search_term_string}\"},\"query-input\":\"required name=search_term_string\"}],\"inLanguage\":\"en-US\"}]}<\/script>\n<!-- \/ Yoast SEO plugin. -->","yoast_head_json":{"title":"Kausikorttilaisten v\u00e4lines\u00e4ilytysvuokra ~ Laguuni","robots":{"index":"index","follow":"follow","max-snippet":"max-snippet:-1","max-image-preview":"max-image-preview:large","max-video-preview":"max-video-preview:-1"},"canonical":"https:\/\/laguuniin.fi\/tuote\/kausikorttilaisten-valinesailytys\/","og_locale":"en_US","og_type":"article","og_title":"Kausikorttilaisten v\u00e4lines\u00e4ilytysvuokra ~ Laguuni","og_description":"Wakeboard-v\u00e4lines\u00e4ilytys Keilaniemi Laguuni: sis\u00e4lt\u00e4\u00e4 tilan laudalle ja muille wake-v\u00e4lineille (liivit, kyp\u00e4r\u00e4, m\u00e4rkk\u00e4ri).. Rajoitettu 10kpl ja tehd\u00e4\u00e4n nimikkopaikat \ud83d\ude42 &nbsp;","og_url":"https:\/\/laguuniin.fi\/tuote\/kausikorttilaisten-valinesailytys\/","og_site_name":"Laguuni","article_publisher":"https:\/\/fi-fi.facebook.com\/laguuniin\/","article_modified_time":"2020-05-04T16:04:30+00:00","og_image":[{"width":1186,"height":572,"url":"https:\/\/laguuniin.fi\/app\/uploads\/2019\/02\/N\u00e4ytt\u00f6kuva-2019-2-9-kello-11.59.16.png","type":"image\/png"}],"twitter_card":"summary_large_image","twitter_site":"@laguuniin","schema":{"@context":"https:\/\/schema.org","@graph":[{"@type":"WebPage","@id":"https:\/\/laguuniin.fi\/tuote\/kausikorttilaisten-valinesailytys\/","url":"https:\/\/laguuniin.fi\/tuote\/kausikorttilaisten-valinesailytys\/","name":"Kausikorttilaisten v\u00e4lines\u00e4ilytysvuokra ~ Laguuni","isPartOf":{"@id":"https:\/\/laguuniin.fi\/#website"},"datePublished":"2020-04-30T06:01:43+00:00","dateModified":"2020-05-04T16:04:30+00:00","breadcrumb":{"@id":"https:\/\/laguuniin.fi\/tuote\/kausikorttilaisten-valinesailytys\/#breadcrumb"},"inLanguage":"en-US","potentialAction":[{"@type":"ReadAction","target":["https:\/\/laguuniin.fi\/tuote\/kausikorttilaisten-valinesailytys\/"]}]},{"@type":"BreadcrumbList","@id":"https:\/\/laguuniin.fi\/tuote\/kausikorttilaisten-valinesailytys\/#breadcrumb","itemListElement":[{"@type":"ListItem","position":1,"name":"Home","item":"https:\/\/laguuniin.fi\/en\/"},{"@type":"ListItem","position":2,"name":"Private: Shop","item":"https:\/\/laguuniin.fi\/en\/?page_id=8886"},{"@type":"ListItem","position":3,"name":"Kausikorttilaisten v\u00e4lines\u00e4ilytysvuokra"}]},{"@type":"WebSite","@id":"https:\/\/laguuniin.fi\/#website","url":"https:\/\/laguuniin.fi\/","name":"Laguuni","description":"Suomen suurin vesiurheilu &amp; ravintolalaituri","potentialAction":[{"@type":"SearchAction","target":{"@type":"EntryPoint","urlTemplate":"https:\/\/laguuniin.fi\/?s={search_term_string}"},"query-input":"required name=search_term_string"}],"inLanguage":"en-US"}]}},"_links":{"self":[{"href":"https:\/\/laguuniin.fi\/en\/wp-json\/wp\/v2\/product\/14862"}],"collection":[{"href":"https:\/\/laguuniin.fi\/en\/wp-json\/wp\/v2\/product"}],"about":[{"href":"https:\/\/laguuniin.fi\/en\/wp-json\/wp\/v2\/types\/product"}],"replies":[{"embeddable":true,"href":"https:\/\/laguuniin.fi\/en\/wp-json\/wp\/v2\/comments?post=14862"}],"wp:featuredmedia":[{"embeddable":true,"href":"https:\/\/laguuniin.fi\/en\/wp-json\/wp\/v2\/media\/8419"}],"wp:attachment":[{"href":"https:\/\/laguuniin.fi\/en\/wp-json\/wp\/v2\/media?parent=14862"}],"wp:term":[{"taxonomy":"product_cat","embeddable":true,"href":"https:\/\/laguuniin.fi\/en\/wp-json\/wp\/v2\/product_cat?post=14862"},{"taxonomy":"product_tag","embeddable":true,"href":"https:\/\/laguuniin.fi\/en\/wp-json\/wp\/v2\/product_tag?post=14862"}],"curies":[{"name":"wp","href":"https:\/\/api.w.org\/{rel}","templated":true}]}}