{"id":15273,"date":"2020-05-14T12:03:04","date_gmt":"2020-05-14T09:03:04","guid":{"rendered":"https:\/\/laguuniin.fi\/?post_type=product&#038;p=15273"},"modified":"2020-07-03T17:38:33","modified_gmt":"2020-07-03T14:38:33","slug":"melontakauden-starttiretki","status":"publish","type":"product","link":"https:\/\/laguuniin.fi\/en\/tuote\/melontakauden-starttiretki\/","title":{"rendered":"Melontakauden starttiretki (2,5h)"},"content":{"rendered":"<p><strong>Retken aloituspaikka: <\/strong>Vesiurheilukeskus Laguuni, Espoo<\/p>\n<p><strong>Aika:<\/strong> maanantaina 25.5. klo 17.30-20.00<\/p>\n<p><strong>Osallistujam\u00e4\u00e4r\u00e4: <\/strong>Enint\u00e4\u00e4n 8 henke\u00e4 per ryhm\u00e4<\/p>\n<p><strong>Ohjaajat: <\/strong>Ammattitaitoiset ohjaajat<\/p>\n<p><strong>Retken vaativuus: <\/strong>Retkelle osallistuminen ei vaadi aikaisempaa melontakokemusta. K\u00e4ytett\u00e4v\u00e4t kajakit ovat tukevia ja helppoja, joten voit tulla melomaan rennoin mielin. Retki on tarkoitettu yli 13-vuotiaille.<\/p>\n<p><strong>Hintaan sis\u00e4ltyy: <\/strong>Opastus, kajakki ja muut melontavarusteet sek\u00e4 fiilis<br \/>\nPS. T\u00e4ll\u00e4 retkell\u00e4 voit toivoa melontaan my\u00f6s kaksikkokajakkia toisen retkeilij\u00e4n kanssa<\/p>\n<p><strong>Mit\u00e4 mukaan: <\/strong>Mukaan s\u00e4\u00e4n mukaisen vaatetus ja ev\u00e4\u00e4t! (Pid\u00e4mme tauon saaressa retken aikana ;)) My\u00f6s vaihtovaatteet retken j\u00e4lkeen suositeltavia, koska merell\u00e4 kuitenkin kastutaan aina v\u00e4h\u00e4sen.<\/p>\n<p><strong>Lis\u00e4tietoa:\u00a0<\/strong>Melontakauden starttiretkell\u00e4 nautimme luonnosta ja toivotamme kes\u00e4n tervetulleeksi! Kahden ja puolen tunnin aikana vietet\u00e4\u00e4n aikaa yhdess\u00e4, rantaudutaan johonkin Laguunin l\u00e4hisaarista ja nautitaan Espoon kauniista merimaisemista. Muista ottaa omat ev\u00e4t mukaan! (Huom! Kahvilamme on toukokuussa kiinni maanantaisin.)<\/p>\n","protected":false},"excerpt":{"rendered":"<p><strong>KES\u00c4N EKAT MELONNAT HIMOTTAA?<br \/>\n<\/strong><\/p>\n<p>Kes\u00e4 tekee tuloaan ja Laguunin kausi on jo alkanut! T\u00e4st\u00e4 innostuneena p\u00e4\u00e4timme j\u00e4rjest\u00e4\u00e4 2,5 tunnin ohjatun melontaretken Laguunin l\u00e4hivesist\u00f6ll\u00e4. Ajatuksena on l\u00e4hte\u00e4 nauttimaan meren maisemista ja rantautua saareen herkuttelemaan ev\u00e4it\u00e4. L\u00e4hde mukaan merelle tuulettamaan ajatuksia ja toivottamaan kes\u00e4 tervetulleeksi maanantaina 25.5!<\/p>\n","protected":false},"featured_media":15278,"comment_status":"closed","ping_status":"closed","template":"","meta":[],"product_cat":[20,57],"product_tag":[],"acf":[],"yoast_head":"<!-- This site is optimized with the Yoast SEO plugin v20.1 - https:\/\/yoast.com\/wordpress\/plugins\/seo\/ -->\n<title>Melontakauden starttiretki (2,5h) ~ Laguuni<\/title>\n<meta name=\"description\" content=\"Kes\u00e4 tekee tuloaan ja Laguunin kausi on jo alkanut! T\u00e4st\u00e4 innostuneena p\u00e4\u00e4timme j\u00e4rjest\u00e4\u00e4 2,5 tunnin ohjatun melontaretken Laguunin l\u00e4hivesist\u00f6ll\u00e4. Ajatuksena on l\u00e4hte\u00e4 nauttimaan meren maisemista ja rantautua saareen herkuttelemaan ev\u00e4it\u00e4. L\u00e4hde mukaan merelle tuulettamaan ajatuksia ja toivottamaan kes\u00e4 tervetulleeksi maanantaina 25.5!\" \/>\n<meta name=\"robots\" content=\"index, follow, max-snippet:-1, max-image-preview:large, max-video-preview:-1\" \/>\n<link rel=\"canonical\" href=\"https:\/\/laguuniin.fi\/tuote\/melontakauden-starttiretki\/\" \/>\n<meta property=\"og:locale\" content=\"en_US\" \/>\n<meta property=\"og:type\" content=\"article\" \/>\n<meta property=\"og:title\" content=\"Melontakauden starttiretki (2,5h) ~ Laguuni\" \/>\n<meta property=\"og:description\" content=\"Kes\u00e4 tekee tuloaan ja Laguunin kausi on jo alkanut! T\u00e4st\u00e4 innostuneena p\u00e4\u00e4timme j\u00e4rjest\u00e4\u00e4 2,5 tunnin ohjatun melontaretken Laguunin l\u00e4hivesist\u00f6ll\u00e4. Ajatuksena on l\u00e4hte\u00e4 nauttimaan meren maisemista ja rantautua saareen herkuttelemaan ev\u00e4it\u00e4. L\u00e4hde mukaan merelle tuulettamaan ajatuksia ja toivottamaan kes\u00e4 tervetulleeksi maanantaina 25.5!\" \/>\n<meta property=\"og:url\" content=\"https:\/\/laguuniin.fi\/tuote\/melontakauden-starttiretki\/\" \/>\n<meta property=\"og:site_name\" content=\"Laguuni\" \/>\n<meta property=\"article:publisher\" content=\"https:\/\/fi-fi.facebook.com\/laguuniin\/\" \/>\n<meta property=\"article:modified_time\" content=\"2020-07-03T14:38:33+00:00\" \/>\n<meta property=\"og:image\" content=\"https:\/\/laguuniin.fi\/app\/uploads\/2020\/05\/DSCN5757-1024x768.jpg\" \/>\n\t<meta property=\"og:image:width\" content=\"1024\" \/>\n\t<meta property=\"og:image:height\" content=\"768\" \/>\n\t<meta property=\"og:image:type\" content=\"image\/jpeg\" \/>\n<meta name=\"twitter:card\" content=\"summary_large_image\" \/>\n<meta name=\"twitter:site\" content=\"@laguuniin\" \/>\n<meta name=\"twitter:label1\" content=\"Est. reading time\" \/>\n\t<meta name=\"twitter:data1\" content=\"1 minute\" \/>\n<script type=\"application\/ld+json\" class=\"yoast-schema-graph\">{\"@context\":\"https:\/\/schema.org\",\"@graph\":[{\"@type\":\"WebPage\",\"@id\":\"https:\/\/laguuniin.fi\/tuote\/melontakauden-starttiretki\/\",\"url\":\"https:\/\/laguuniin.fi\/tuote\/melontakauden-starttiretki\/\",\"name\":\"Melontakauden starttiretki (2,5h) ~ Laguuni\",\"isPartOf\":{\"@id\":\"https:\/\/laguuniin.fi\/#website\"},\"datePublished\":\"2020-05-14T09:03:04+00:00\",\"dateModified\":\"2020-07-03T14:38:33+00:00\",\"description\":\"Kes\u00e4 tekee tuloaan ja Laguunin kausi on jo alkanut! T\u00e4st\u00e4 innostuneena p\u00e4\u00e4timme j\u00e4rjest\u00e4\u00e4 2,5 tunnin ohjatun melontaretken Laguunin l\u00e4hivesist\u00f6ll\u00e4. Ajatuksena on l\u00e4hte\u00e4 nauttimaan meren maisemista ja rantautua saareen herkuttelemaan ev\u00e4it\u00e4. L\u00e4hde mukaan merelle tuulettamaan ajatuksia ja toivottamaan kes\u00e4 tervetulleeksi maanantaina 25.5!\",\"breadcrumb\":{\"@id\":\"https:\/\/laguuniin.fi\/tuote\/melontakauden-starttiretki\/#breadcrumb\"},\"inLanguage\":\"en-US\",\"potentialAction\":[{\"@type\":\"ReadAction\",\"target\":[\"https:\/\/laguuniin.fi\/tuote\/melontakauden-starttiretki\/\"]}]},{\"@type\":\"BreadcrumbList\",\"@id\":\"https:\/\/laguuniin.fi\/tuote\/melontakauden-starttiretki\/#breadcrumb\",\"itemListElement\":[{\"@type\":\"ListItem\",\"position\":1,\"name\":\"Home\",\"item\":\"https:\/\/laguuniin.fi\/en\/\"},{\"@type\":\"ListItem\",\"position\":2,\"name\":\"Private: Shop\",\"item\":\"https:\/\/laguuniin.fi\/en\/?page_id=8886\"},{\"@type\":\"ListItem\",\"position\":3,\"name\":\"Melontakauden starttiretki (2,5h)\"}]},{\"@type\":\"WebSite\",\"@id\":\"https:\/\/laguuniin.fi\/#website\",\"url\":\"https:\/\/laguuniin.fi\/\",\"name\":\"Laguuni\",\"description\":\"Suomen suurin vesiurheilu &amp; ravintolalaituri\",\"potentialAction\":[{\"@type\":\"SearchAction\",\"target\":{\"@type\":\"EntryPoint\",\"urlTemplate\":\"https:\/\/laguuniin.fi\/?s={search_term_string}\"},\"query-input\":\"required name=search_term_string\"}],\"inLanguage\":\"en-US\"}]}<\/script>\n<!-- \/ Yoast SEO plugin. -->","yoast_head_json":{"title":"Melontakauden starttiretki (2,5h) ~ Laguuni","description":"Kes\u00e4 tekee tuloaan ja Laguunin kausi on jo alkanut! T\u00e4st\u00e4 innostuneena p\u00e4\u00e4timme j\u00e4rjest\u00e4\u00e4 2,5 tunnin ohjatun melontaretken Laguunin l\u00e4hivesist\u00f6ll\u00e4. Ajatuksena on l\u00e4hte\u00e4 nauttimaan meren maisemista ja rantautua saareen herkuttelemaan ev\u00e4it\u00e4. L\u00e4hde mukaan merelle tuulettamaan ajatuksia ja toivottamaan kes\u00e4 tervetulleeksi maanantaina 25.5!","robots":{"index":"index","follow":"follow","max-snippet":"max-snippet:-1","max-image-preview":"max-image-preview:large","max-video-preview":"max-video-preview:-1"},"canonical":"https:\/\/laguuniin.fi\/tuote\/melontakauden-starttiretki\/","og_locale":"en_US","og_type":"article","og_title":"Melontakauden starttiretki (2,5h) ~ Laguuni","og_description":"Kes\u00e4 tekee tuloaan ja Laguunin kausi on jo alkanut! T\u00e4st\u00e4 innostuneena p\u00e4\u00e4timme j\u00e4rjest\u00e4\u00e4 2,5 tunnin ohjatun melontaretken Laguunin l\u00e4hivesist\u00f6ll\u00e4. Ajatuksena on l\u00e4hte\u00e4 nauttimaan meren maisemista ja rantautua saareen herkuttelemaan ev\u00e4it\u00e4. L\u00e4hde mukaan merelle tuulettamaan ajatuksia ja toivottamaan kes\u00e4 tervetulleeksi maanantaina 25.5!","og_url":"https:\/\/laguuniin.fi\/tuote\/melontakauden-starttiretki\/","og_site_name":"Laguuni","article_publisher":"https:\/\/fi-fi.facebook.com\/laguuniin\/","article_modified_time":"2020-07-03T14:38:33+00:00","og_image":[{"width":1024,"height":768,"url":"https:\/\/laguuniin.fi\/app\/uploads\/2020\/05\/DSCN5757-1024x768.jpg","type":"image\/jpeg"}],"twitter_card":"summary_large_image","twitter_site":"@laguuniin","twitter_misc":{"Est. reading time":"1 minute"},"schema":{"@context":"https:\/\/schema.org","@graph":[{"@type":"WebPage","@id":"https:\/\/laguuniin.fi\/tuote\/melontakauden-starttiretki\/","url":"https:\/\/laguuniin.fi\/tuote\/melontakauden-starttiretki\/","name":"Melontakauden starttiretki (2,5h) ~ Laguuni","isPartOf":{"@id":"https:\/\/laguuniin.fi\/#website"},"datePublished":"2020-05-14T09:03:04+00:00","dateModified":"2020-07-03T14:38:33+00:00","description":"Kes\u00e4 tekee tuloaan ja Laguunin kausi on jo alkanut! T\u00e4st\u00e4 innostuneena p\u00e4\u00e4timme j\u00e4rjest\u00e4\u00e4 2,5 tunnin ohjatun melontaretken Laguunin l\u00e4hivesist\u00f6ll\u00e4. Ajatuksena on l\u00e4hte\u00e4 nauttimaan meren maisemista ja rantautua saareen herkuttelemaan ev\u00e4it\u00e4. L\u00e4hde mukaan merelle tuulettamaan ajatuksia ja toivottamaan kes\u00e4 tervetulleeksi maanantaina 25.5!","breadcrumb":{"@id":"https:\/\/laguuniin.fi\/tuote\/melontakauden-starttiretki\/#breadcrumb"},"inLanguage":"en-US","potentialAction":[{"@type":"ReadAction","target":["https:\/\/laguuniin.fi\/tuote\/melontakauden-starttiretki\/"]}]},{"@type":"BreadcrumbList","@id":"https:\/\/laguuniin.fi\/tuote\/melontakauden-starttiretki\/#breadcrumb","itemListElement":[{"@type":"ListItem","position":1,"name":"Home","item":"https:\/\/laguuniin.fi\/en\/"},{"@type":"ListItem","position":2,"name":"Private: Shop","item":"https:\/\/laguuniin.fi\/en\/?page_id=8886"},{"@type":"ListItem","position":3,"name":"Melontakauden starttiretki (2,5h)"}]},{"@type":"WebSite","@id":"https:\/\/laguuniin.fi\/#website","url":"https:\/\/laguuniin.fi\/","name":"Laguuni","description":"Suomen suurin vesiurheilu &amp; ravintolalaituri","potentialAction":[{"@type":"SearchAction","target":{"@type":"EntryPoint","urlTemplate":"https:\/\/laguuniin.fi\/?s={search_term_string}"},"query-input":"required name=search_term_string"}],"inLanguage":"en-US"}]}},"_links":{"self":[{"href":"https:\/\/laguuniin.fi\/en\/wp-json\/wp\/v2\/product\/15273"}],"collection":[{"href":"https:\/\/laguuniin.fi\/en\/wp-json\/wp\/v2\/product"}],"about":[{"href":"https:\/\/laguuniin.fi\/en\/wp-json\/wp\/v2\/types\/product"}],"replies":[{"embeddable":true,"href":"https:\/\/laguuniin.fi\/en\/wp-json\/wp\/v2\/comments?post=15273"}],"wp:featuredmedia":[{"embeddable":true,"href":"https:\/\/laguuniin.fi\/en\/wp-json\/wp\/v2\/media\/15278"}],"wp:attachment":[{"href":"https:\/\/laguuniin.fi\/en\/wp-json\/wp\/v2\/media?parent=15273"}],"wp:term":[{"taxonomy":"product_cat","embeddable":true,"href":"https:\/\/laguuniin.fi\/en\/wp-json\/wp\/v2\/product_cat?post=15273"},{"taxonomy":"product_tag","embeddable":true,"href":"https:\/\/laguuniin.fi\/en\/wp-json\/wp\/v2\/product_tag?post=15273"}],"curies":[{"name":"wp","href":"https:\/\/api.w.org\/{rel}","templated":true}]}}