{"id":4057,"date":"2018-04-24T14:41:58","date_gmt":"2018-04-24T11:41:58","guid":{"rendered":"http:\/\/laguuniin.fi\/?post_type=product&#038;p=4057"},"modified":"2018-11-05T14:38:01","modified_gmt":"2018-11-05T12:38:01","slug":"suppailun-tehokurssi","status":"publish","type":"product","link":"https:\/\/laguuniin.fi\/en\/tuote\/suppailun-tehokurssi\/","title":{"rendered":"Suppailun tehokurssi"},"content":{"rendered":"<p style=\"font-weight: 400;\">SUPPAILUN\u00a0TEHOKURSSI \u2013\u00a02 iltaa (2 + 2 tuntia)<\/p>\n<p style=\"font-weight: 400;\">Haluatko todella p\u00e4\u00e4st\u00e4 sis\u00e4\u00e4n suppailun maailmaan? Haluatko siirt\u00e4\u00e4 treenaamisen vesille, ja \u00a0uskaltautua suppailemaan erilaisissa vesist\u00f6iss\u00e4 omatoimisesti? Tule mukaan suppailun tehokurssille!<\/p>\n<p style=\"font-weight: 400;\">Kahden illan kest\u00e4v\u00e4n kurssin aikana opit tuntemaan suppailuv\u00e4lineet, turvallisen harrastamisen sek\u00e4 erilaisia tekniikoita etenemiseen ja k\u00e4\u00e4nn\u00f6ksiin. Lis\u00e4ksi tutustut turvallisen pelastautumisen tekniikoihin. Tehokurssilla k\u00e4yd\u00e4\u00e4n my\u00f6s suppailemassa pidempi, ennalta valittu reitti.<\/p>\n<p>Aloitus: klo 17-19 (my\u00f6s sovittaessa)<\/p>\n<p>Paikka : Vesiurheilukeskus Laguuni<\/p>\n","protected":false},"excerpt":{"rendered":"<p>Kahden illan kest\u00e4v\u00e4n kurssin aikana opit tuntemaan suppailuv\u00e4lineet, turvallisen harrastamisen sek\u00e4 erilaisia tekniikoita etenemiseen ja k\u00e4\u00e4nn\u00f6ksiin. Lis\u00e4ksi tutustut turvallisen pelastautumisen tekniikoihin. Tehokurssilla k\u00e4yd\u00e4\u00e4n my\u00f6s suppailemassa pidempi, ennalta valittu reitti.<\/p>\n","protected":false},"featured_media":0,"comment_status":"closed","ping_status":"closed","template":"","meta":[],"product_cat":[19],"product_tag":[],"acf":[],"yoast_head":"<!-- This site is optimized with the Yoast SEO plugin v20.1 - https:\/\/yoast.com\/wordpress\/plugins\/seo\/ -->\n<title>Suppailun tehokurssi ~ Laguuni<\/title>\n<meta name=\"description\" content=\"Melonta on mukava ja rentouttava harrastus. Paras tapa kokeilla uutta lajia on ammattitoisten oppaiden johdolla. Vesiurheilukeskus Laguunin l\u00e4heisyydess\u00e4 on mainiot melontavedet ja -maisemat. T\u00e4ll\u00e4 kahden tunnin opastetulla melontaretkell\u00e4 k\u00e4ymme l\u00e4pi melonnan perustekniikat ja nautimme upeasta saaristoluonnosta.\" \/>\n<meta name=\"robots\" content=\"index, follow, max-snippet:-1, max-image-preview:large, max-video-preview:-1\" \/>\n<link rel=\"canonical\" href=\"https:\/\/laguuniin.fi\/en\/tuote\/suppailun-tehokurssi\/\" \/>\n<meta property=\"og:locale\" content=\"en_US\" \/>\n<meta property=\"og:type\" content=\"article\" \/>\n<meta property=\"og:title\" content=\"Suppailun tehokurssi ~ Laguuni\" \/>\n<meta property=\"og:description\" content=\"Melonta on mukava ja rentouttava harrastus. Paras tapa kokeilla uutta lajia on ammattitoisten oppaiden johdolla. Vesiurheilukeskus Laguunin l\u00e4heisyydess\u00e4 on mainiot melontavedet ja -maisemat. T\u00e4ll\u00e4 kahden tunnin opastetulla melontaretkell\u00e4 k\u00e4ymme l\u00e4pi melonnan perustekniikat ja nautimme upeasta saaristoluonnosta.\" \/>\n<meta property=\"og:url\" content=\"https:\/\/laguuniin.fi\/en\/tuote\/suppailun-tehokurssi\/\" \/>\n<meta property=\"og:site_name\" content=\"Laguuni\" \/>\n<meta property=\"article:publisher\" content=\"https:\/\/fi-fi.facebook.com\/laguuniin\/\" \/>\n<meta property=\"article:modified_time\" content=\"2018-11-05T12:38:01+00:00\" \/>\n<meta name=\"twitter:card\" content=\"summary_large_image\" \/>\n<meta name=\"twitter:site\" content=\"@laguuniin\" \/>\n<script type=\"application\/ld+json\" class=\"yoast-schema-graph\">{\"@context\":\"https:\/\/schema.org\",\"@graph\":[{\"@type\":\"WebPage\",\"@id\":\"https:\/\/laguuniin.fi\/en\/tuote\/suppailun-tehokurssi\/\",\"url\":\"https:\/\/laguuniin.fi\/en\/tuote\/suppailun-tehokurssi\/\",\"name\":\"Suppailun tehokurssi ~ Laguuni\",\"isPartOf\":{\"@id\":\"https:\/\/laguuniin.fi\/#website\"},\"datePublished\":\"2018-04-24T11:41:58+00:00\",\"dateModified\":\"2018-11-05T12:38:01+00:00\",\"description\":\"Melonta on mukava ja rentouttava harrastus. Paras tapa kokeilla uutta lajia on ammattitoisten oppaiden johdolla. Vesiurheilukeskus Laguunin l\u00e4heisyydess\u00e4 on mainiot melontavedet ja -maisemat. T\u00e4ll\u00e4 kahden tunnin opastetulla melontaretkell\u00e4 k\u00e4ymme l\u00e4pi melonnan perustekniikat ja nautimme upeasta saaristoluonnosta.\",\"breadcrumb\":{\"@id\":\"https:\/\/laguuniin.fi\/en\/tuote\/suppailun-tehokurssi\/#breadcrumb\"},\"inLanguage\":\"en-US\",\"potentialAction\":[{\"@type\":\"ReadAction\",\"target\":[\"https:\/\/laguuniin.fi\/en\/tuote\/suppailun-tehokurssi\/\"]}]},{\"@type\":\"BreadcrumbList\",\"@id\":\"https:\/\/laguuniin.fi\/en\/tuote\/suppailun-tehokurssi\/#breadcrumb\",\"itemListElement\":[{\"@type\":\"ListItem\",\"position\":1,\"name\":\"Home\",\"item\":\"https:\/\/laguuniin.fi\/en\/\"},{\"@type\":\"ListItem\",\"position\":2,\"name\":\"Private: Shop\",\"item\":\"https:\/\/laguuniin.fi\/en\/?page_id=8886\"},{\"@type\":\"ListItem\",\"position\":3,\"name\":\"Suppailun tehokurssi\"}]},{\"@type\":\"WebSite\",\"@id\":\"https:\/\/laguuniin.fi\/#website\",\"url\":\"https:\/\/laguuniin.fi\/\",\"name\":\"Laguuni\",\"description\":\"Suomen suurin vesiurheilu &amp; ravintolalaituri\",\"potentialAction\":[{\"@type\":\"SearchAction\",\"target\":{\"@type\":\"EntryPoint\",\"urlTemplate\":\"https:\/\/laguuniin.fi\/?s={search_term_string}\"},\"query-input\":\"required name=search_term_string\"}],\"inLanguage\":\"en-US\"}]}<\/script>\n<!-- \/ Yoast SEO plugin. -->","yoast_head_json":{"title":"Suppailun tehokurssi ~ Laguuni","description":"Melonta on mukava ja rentouttava harrastus. Paras tapa kokeilla uutta lajia on ammattitoisten oppaiden johdolla. Vesiurheilukeskus Laguunin l\u00e4heisyydess\u00e4 on mainiot melontavedet ja -maisemat. T\u00e4ll\u00e4 kahden tunnin opastetulla melontaretkell\u00e4 k\u00e4ymme l\u00e4pi melonnan perustekniikat ja nautimme upeasta saaristoluonnosta.","robots":{"index":"index","follow":"follow","max-snippet":"max-snippet:-1","max-image-preview":"max-image-preview:large","max-video-preview":"max-video-preview:-1"},"canonical":"https:\/\/laguuniin.fi\/en\/tuote\/suppailun-tehokurssi\/","og_locale":"en_US","og_type":"article","og_title":"Suppailun tehokurssi ~ Laguuni","og_description":"Melonta on mukava ja rentouttava harrastus. Paras tapa kokeilla uutta lajia on ammattitoisten oppaiden johdolla. Vesiurheilukeskus Laguunin l\u00e4heisyydess\u00e4 on mainiot melontavedet ja -maisemat. T\u00e4ll\u00e4 kahden tunnin opastetulla melontaretkell\u00e4 k\u00e4ymme l\u00e4pi melonnan perustekniikat ja nautimme upeasta saaristoluonnosta.","og_url":"https:\/\/laguuniin.fi\/en\/tuote\/suppailun-tehokurssi\/","og_site_name":"Laguuni","article_publisher":"https:\/\/fi-fi.facebook.com\/laguuniin\/","article_modified_time":"2018-11-05T12:38:01+00:00","twitter_card":"summary_large_image","twitter_site":"@laguuniin","schema":{"@context":"https:\/\/schema.org","@graph":[{"@type":"WebPage","@id":"https:\/\/laguuniin.fi\/en\/tuote\/suppailun-tehokurssi\/","url":"https:\/\/laguuniin.fi\/en\/tuote\/suppailun-tehokurssi\/","name":"Suppailun tehokurssi ~ Laguuni","isPartOf":{"@id":"https:\/\/laguuniin.fi\/#website"},"datePublished":"2018-04-24T11:41:58+00:00","dateModified":"2018-11-05T12:38:01+00:00","description":"Melonta on mukava ja rentouttava harrastus. Paras tapa kokeilla uutta lajia on ammattitoisten oppaiden johdolla. Vesiurheilukeskus Laguunin l\u00e4heisyydess\u00e4 on mainiot melontavedet ja -maisemat. T\u00e4ll\u00e4 kahden tunnin opastetulla melontaretkell\u00e4 k\u00e4ymme l\u00e4pi melonnan perustekniikat ja nautimme upeasta saaristoluonnosta.","breadcrumb":{"@id":"https:\/\/laguuniin.fi\/en\/tuote\/suppailun-tehokurssi\/#breadcrumb"},"inLanguage":"en-US","potentialAction":[{"@type":"ReadAction","target":["https:\/\/laguuniin.fi\/en\/tuote\/suppailun-tehokurssi\/"]}]},{"@type":"BreadcrumbList","@id":"https:\/\/laguuniin.fi\/en\/tuote\/suppailun-tehokurssi\/#breadcrumb","itemListElement":[{"@type":"ListItem","position":1,"name":"Home","item":"https:\/\/laguuniin.fi\/en\/"},{"@type":"ListItem","position":2,"name":"Private: Shop","item":"https:\/\/laguuniin.fi\/en\/?page_id=8886"},{"@type":"ListItem","position":3,"name":"Suppailun tehokurssi"}]},{"@type":"WebSite","@id":"https:\/\/laguuniin.fi\/#website","url":"https:\/\/laguuniin.fi\/","name":"Laguuni","description":"Suomen suurin vesiurheilu &amp; ravintolalaituri","potentialAction":[{"@type":"SearchAction","target":{"@type":"EntryPoint","urlTemplate":"https:\/\/laguuniin.fi\/?s={search_term_string}"},"query-input":"required name=search_term_string"}],"inLanguage":"en-US"}]}},"_links":{"self":[{"href":"https:\/\/laguuniin.fi\/en\/wp-json\/wp\/v2\/product\/4057"}],"collection":[{"href":"https:\/\/laguuniin.fi\/en\/wp-json\/wp\/v2\/product"}],"about":[{"href":"https:\/\/laguuniin.fi\/en\/wp-json\/wp\/v2\/types\/product"}],"replies":[{"embeddable":true,"href":"https:\/\/laguuniin.fi\/en\/wp-json\/wp\/v2\/comments?post=4057"}],"wp:attachment":[{"href":"https:\/\/laguuniin.fi\/en\/wp-json\/wp\/v2\/media?parent=4057"}],"wp:term":[{"taxonomy":"product_cat","embeddable":true,"href":"https:\/\/laguuniin.fi\/en\/wp-json\/wp\/v2\/product_cat?post=4057"},{"taxonomy":"product_tag","embeddable":true,"href":"https:\/\/laguuniin.fi\/en\/wp-json\/wp\/v2\/product_tag?post=4057"}],"curies":[{"name":"wp","href":"https:\/\/api.w.org\/{rel}","templated":true}]}}