{"id":4114,"date":"2018-04-30T07:52:38","date_gmt":"2018-04-30T04:52:38","guid":{"rendered":"http:\/\/laguuniin.fi\/?post_type=product&#038;p=4114"},"modified":"2019-01-03T09:18:16","modified_gmt":"2019-01-03T07:18:16","slug":"10-x-wakeboarding","status":"publish","type":"product","link":"https:\/\/laguuniin.fi\/en\/tuote\/10-x-wakeboarding\/","title":{"rendered":"10 X wakeboarding"},"content":{"rendered":"<h3>Kymppikerran mit\u00e4, miss\u00e4 ja milloin:<\/h3>\n<ul>\n<li>maksat kertaalleen kymmenest\u00e4 wakeboarding kerrasta alennuksella<\/li>\n<li>10 kerran toimiva koodi l\u00e4hetet\u00e4\u00e4n s\u00e4hk\u00f6postiisi<\/li>\n<li>pystyt varaamaan koodilla sujuvasti nettivarauksen kautta<\/li>\n<li>on hyv\u00e4 tulla Laguunilla kuitenkin moikkaamaan kassoille ennen vesille menoa<\/li>\n<\/ul>\n<p>Iloisi\u00e4 wakehetki\u00e4! \ud83d\ude42<\/p>\n","protected":false},"excerpt":{"rendered":"<h2>Kymppikerhoon!<\/h2>\n<p>Kymmenen kerran kortilla s\u00e4\u00e4st\u00e4t aikaa ja rahaa. Netin kautta varaaminen tapahtuu sujuvasti 10 kertaa toimivalla koodilla, joten maksu vaihe varattaessa kaapeli aikaa nopeutuu. Yksiselitteisen selv\u00e4sti my\u00f6s k\u00e4ydess\u00e4 kymmenen kertaa s\u00e4\u00e4st\u00e4t rehellist\u00e4 riihikuivaa.<\/p>\n","protected":false},"featured_media":0,"comment_status":"closed","ping_status":"closed","template":"","meta":[],"product_cat":[20],"product_tag":[],"acf":[],"yoast_head":"<!-- This site is optimized with the Yoast SEO plugin v20.1 - https:\/\/yoast.com\/wordpress\/plugins\/seo\/ -->\n<title>10 X wakeboarding ~ Laguuni<\/title>\n<meta name=\"robots\" content=\"index, follow, max-snippet:-1, max-image-preview:large, max-video-preview:-1\" \/>\n<link rel=\"canonical\" href=\"https:\/\/laguuniin.fi\/tuote\/10-x-wakeboarding\/\" \/>\n<meta property=\"og:locale\" content=\"en_US\" \/>\n<meta property=\"og:type\" content=\"article\" \/>\n<meta property=\"og:title\" content=\"10 X wakeboarding ~ Laguuni\" \/>\n<meta property=\"og:description\" content=\"Kymppikerhoon! Kymmenen kerran kortilla s\u00e4\u00e4st\u00e4t aikaa ja rahaa. Netin kautta varaaminen tapahtuu sujuvasti 10 kertaa toimivalla koodilla, joten maksu vaihe varattaessa kaapeli aikaa nopeutuu. Yksiselitteisen selv\u00e4sti my\u00f6s k\u00e4ydess\u00e4 kymmenen kertaa s\u00e4\u00e4st\u00e4t rehellist\u00e4 riihikuivaa.\" \/>\n<meta property=\"og:url\" content=\"https:\/\/laguuniin.fi\/tuote\/10-x-wakeboarding\/\" \/>\n<meta property=\"og:site_name\" content=\"Laguuni\" \/>\n<meta property=\"article:publisher\" content=\"https:\/\/fi-fi.facebook.com\/laguuniin\/\" \/>\n<meta property=\"article:modified_time\" content=\"2019-01-03T07:18:16+00:00\" \/>\n<meta name=\"twitter:card\" content=\"summary_large_image\" \/>\n<meta name=\"twitter:site\" content=\"@laguuniin\" \/>\n<script type=\"application\/ld+json\" class=\"yoast-schema-graph\">{\"@context\":\"https:\/\/schema.org\",\"@graph\":[{\"@type\":\"WebPage\",\"@id\":\"https:\/\/laguuniin.fi\/tuote\/10-x-wakeboarding\/\",\"url\":\"https:\/\/laguuniin.fi\/tuote\/10-x-wakeboarding\/\",\"name\":\"10 X wakeboarding ~ Laguuni\",\"isPartOf\":{\"@id\":\"https:\/\/laguuniin.fi\/#website\"},\"datePublished\":\"2018-04-30T04:52:38+00:00\",\"dateModified\":\"2019-01-03T07:18:16+00:00\",\"breadcrumb\":{\"@id\":\"https:\/\/laguuniin.fi\/tuote\/10-x-wakeboarding\/#breadcrumb\"},\"inLanguage\":\"en-US\",\"potentialAction\":[{\"@type\":\"ReadAction\",\"target\":[\"https:\/\/laguuniin.fi\/tuote\/10-x-wakeboarding\/\"]}]},{\"@type\":\"BreadcrumbList\",\"@id\":\"https:\/\/laguuniin.fi\/tuote\/10-x-wakeboarding\/#breadcrumb\",\"itemListElement\":[{\"@type\":\"ListItem\",\"position\":1,\"name\":\"Home\",\"item\":\"https:\/\/laguuniin.fi\/en\/\"},{\"@type\":\"ListItem\",\"position\":2,\"name\":\"Private: Shop\",\"item\":\"https:\/\/laguuniin.fi\/en\/?page_id=8886\"},{\"@type\":\"ListItem\",\"position\":3,\"name\":\"10 X wakeboarding\"}]},{\"@type\":\"WebSite\",\"@id\":\"https:\/\/laguuniin.fi\/#website\",\"url\":\"https:\/\/laguuniin.fi\/\",\"name\":\"Laguuni\",\"description\":\"Suomen suurin vesiurheilu &amp; ravintolalaituri\",\"potentialAction\":[{\"@type\":\"SearchAction\",\"target\":{\"@type\":\"EntryPoint\",\"urlTemplate\":\"https:\/\/laguuniin.fi\/?s={search_term_string}\"},\"query-input\":\"required name=search_term_string\"}],\"inLanguage\":\"en-US\"}]}<\/script>\n<!-- \/ Yoast SEO plugin. -->","yoast_head_json":{"title":"10 X wakeboarding ~ Laguuni","robots":{"index":"index","follow":"follow","max-snippet":"max-snippet:-1","max-image-preview":"max-image-preview:large","max-video-preview":"max-video-preview:-1"},"canonical":"https:\/\/laguuniin.fi\/tuote\/10-x-wakeboarding\/","og_locale":"en_US","og_type":"article","og_title":"10 X wakeboarding ~ Laguuni","og_description":"Kymppikerhoon! Kymmenen kerran kortilla s\u00e4\u00e4st\u00e4t aikaa ja rahaa. Netin kautta varaaminen tapahtuu sujuvasti 10 kertaa toimivalla koodilla, joten maksu vaihe varattaessa kaapeli aikaa nopeutuu. Yksiselitteisen selv\u00e4sti my\u00f6s k\u00e4ydess\u00e4 kymmenen kertaa s\u00e4\u00e4st\u00e4t rehellist\u00e4 riihikuivaa.","og_url":"https:\/\/laguuniin.fi\/tuote\/10-x-wakeboarding\/","og_site_name":"Laguuni","article_publisher":"https:\/\/fi-fi.facebook.com\/laguuniin\/","article_modified_time":"2019-01-03T07:18:16+00:00","twitter_card":"summary_large_image","twitter_site":"@laguuniin","schema":{"@context":"https:\/\/schema.org","@graph":[{"@type":"WebPage","@id":"https:\/\/laguuniin.fi\/tuote\/10-x-wakeboarding\/","url":"https:\/\/laguuniin.fi\/tuote\/10-x-wakeboarding\/","name":"10 X wakeboarding ~ Laguuni","isPartOf":{"@id":"https:\/\/laguuniin.fi\/#website"},"datePublished":"2018-04-30T04:52:38+00:00","dateModified":"2019-01-03T07:18:16+00:00","breadcrumb":{"@id":"https:\/\/laguuniin.fi\/tuote\/10-x-wakeboarding\/#breadcrumb"},"inLanguage":"en-US","potentialAction":[{"@type":"ReadAction","target":["https:\/\/laguuniin.fi\/tuote\/10-x-wakeboarding\/"]}]},{"@type":"BreadcrumbList","@id":"https:\/\/laguuniin.fi\/tuote\/10-x-wakeboarding\/#breadcrumb","itemListElement":[{"@type":"ListItem","position":1,"name":"Home","item":"https:\/\/laguuniin.fi\/en\/"},{"@type":"ListItem","position":2,"name":"Private: Shop","item":"https:\/\/laguuniin.fi\/en\/?page_id=8886"},{"@type":"ListItem","position":3,"name":"10 X wakeboarding"}]},{"@type":"WebSite","@id":"https:\/\/laguuniin.fi\/#website","url":"https:\/\/laguuniin.fi\/","name":"Laguuni","description":"Suomen suurin vesiurheilu &amp; ravintolalaituri","potentialAction":[{"@type":"SearchAction","target":{"@type":"EntryPoint","urlTemplate":"https:\/\/laguuniin.fi\/?s={search_term_string}"},"query-input":"required name=search_term_string"}],"inLanguage":"en-US"}]}},"_links":{"self":[{"href":"https:\/\/laguuniin.fi\/en\/wp-json\/wp\/v2\/product\/4114"}],"collection":[{"href":"https:\/\/laguuniin.fi\/en\/wp-json\/wp\/v2\/product"}],"about":[{"href":"https:\/\/laguuniin.fi\/en\/wp-json\/wp\/v2\/types\/product"}],"replies":[{"embeddable":true,"href":"https:\/\/laguuniin.fi\/en\/wp-json\/wp\/v2\/comments?post=4114"}],"wp:attachment":[{"href":"https:\/\/laguuniin.fi\/en\/wp-json\/wp\/v2\/media?parent=4114"}],"wp:term":[{"taxonomy":"product_cat","embeddable":true,"href":"https:\/\/laguuniin.fi\/en\/wp-json\/wp\/v2\/product_cat?post=4114"},{"taxonomy":"product_tag","embeddable":true,"href":"https:\/\/laguuniin.fi\/en\/wp-json\/wp\/v2\/product_tag?post=4114"}],"curies":[{"name":"wp","href":"https:\/\/api.w.org\/{rel}","templated":true}]}}